{"id":30,"date":"2020-08-28T20:57:31","date_gmt":"2020-08-28T20:57:31","guid":{"rendered":"https:\/\/www.kuzushi.fr\/?page_id=30"},"modified":"2025-12-02T21:45:29","modified_gmt":"2025-12-02T21:45:29","slug":"lassociation-kuzushi","status":"publish","type":"page","link":"https:\/\/www.kuzushi.fr\/","title":{"rendered":"Kuzushi"},"content":{"rendered":"\n<p><strong>Du d\u00e9s\u00e9quilibre na\u00eet le mouvement&#8230;<\/strong><\/p>\n\n\n\n<p>L\u2019association Kuzushi a pour vocation de proposer, de promouvoir et d\u2019accompagner les activit\u00e9s physiques et sportives \u00e0 m\u00eame d\u2019entretenir ou d\u2019am\u00e9liorer la sant\u00e9 de ses adh\u00e9rents.<\/p>\n\n\n\n<p>Les activit\u00e9s propos\u00e9es au sein de l&rsquo;association, par leurs qualit\u00e9s intrins\u00e8ques et par l&rsquo;approche propos\u00e9e par les enseignants, permettent de r\u00e9pondre au projet de l\u2019association.<\/p>\n\n\n\n<p>Les cours propos\u00e9s sont assur\u00e9s par des enseignants Dipl\u00f4m\u00e9s d\u2019Etat en sport et sport-sant\u00e9.<\/p>\n\n\n\n<p><\/p>\n\n\n\n<figure class=\"wp-block-image size-large\"><img loading=\"lazy\" decoding=\"async\" width=\"948\" height=\"498\" src=\"https:\/\/www.kuzushi.fr\/wp-content\/uploads\/2020\/09\/Screenshot_2020-09-18-Doc1-pdf.png\" alt=\"Screenshot_2020-09-18 Doc1 pdf\" class=\"wp-image-93\" srcset=\"https:\/\/www.kuzushi.fr\/wp-content\/uploads\/2020\/09\/Screenshot_2020-09-18-Doc1-pdf.png 948w, https:\/\/www.kuzushi.fr\/wp-content\/uploads\/2020\/09\/Screenshot_2020-09-18-Doc1-pdf-300x158.png 300w, https:\/\/www.kuzushi.fr\/wp-content\/uploads\/2020\/09\/Screenshot_2020-09-18-Doc1-pdf-768x403.png 768w\" sizes=\"auto, (max-width: 948px) 100vw, 948px\" \/><\/figure>\n","protected":false},"excerpt":{"rendered":"<p>Du d\u00e9s\u00e9quilibre na\u00eet le mouvement&#8230; L\u2019association Kuzushi a pour vocation de proposer, de promouvoir et d\u2019accompagner les activit\u00e9s physiques et sportives \u00e0 m\u00eame d\u2019entretenir ou d\u2019am\u00e9liorer la sant\u00e9 de ses adh\u00e9rents. Les activit\u00e9s propos\u00e9es au sein de l&rsquo;association, par leurs qualit\u00e9s intrins\u00e8ques et par l&rsquo;approche propos\u00e9e par les enseignants, permettent de r\u00e9pondre au projet de l\u2019association. Les cours propos\u00e9s sont assur\u00e9s par des enseignants Dipl\u00f4m\u00e9s d\u2019Etat en sport et sport-sant\u00e9.<\/p>\n","protected":false},"author":1,"featured_media":0,"parent":0,"menu_order":0,"comment_status":"closed","ping_status":"closed","template":"","meta":{"footnotes":""},"class_list":["post-30","page","type-page","status-publish","hentry"],"yoast_head":"<!-- This site is optimized with the Yoast SEO plugin v16.0.2 - https:\/\/yoast.com\/wordpress\/plugins\/seo\/ -->\n<title>Kuzushi - Kuzushi<\/title>\n<link rel=\"canonical\" href=\"https:\/\/www.kuzushi.fr\/\" \/>\n<meta property=\"og:locale\" content=\"fr_FR\" \/>\n<meta property=\"og:type\" content=\"article\" \/>\n<meta property=\"og:title\" content=\"Kuzushi - Kuzushi\" \/>\n<meta property=\"og:description\" content=\"Du d\u00e9s\u00e9quilibre na\u00eet le mouvement&#8230; L\u2019association Kuzushi a pour vocation de proposer, de promouvoir et d\u2019accompagner les activit\u00e9s physiques et sportives \u00e0 m\u00eame d\u2019entretenir ou d\u2019am\u00e9liorer la sant\u00e9 de ses adh\u00e9rents. Les activit\u00e9s propos\u00e9es au sein de l&rsquo;association, par leurs qualit\u00e9s intrins\u00e8ques et par l&rsquo;approche propos\u00e9e par les enseignants, permettent de r\u00e9pondre au projet de l\u2019association. Les cours propos\u00e9s sont assur\u00e9s par des enseignants Dipl\u00f4m\u00e9s d\u2019Etat en sport et sport-sant\u00e9.\" \/>\n<meta property=\"og:url\" content=\"https:\/\/www.kuzushi.fr\/\" \/>\n<meta property=\"og:site_name\" content=\"Kuzushi\" \/>\n<meta property=\"article:modified_time\" content=\"2025-12-02T21:45:29+00:00\" \/>\n<meta property=\"og:image\" content=\"https:\/\/www.kuzushi.fr\/wp-content\/uploads\/2020\/09\/Screenshot_2020-09-18-Doc1-pdf.png\" \/>\n<meta name=\"twitter:card\" content=\"summary_large_image\" \/>\n<meta name=\"twitter:label1\" content=\"Dur\u00e9e de lecture est.\">\n\t<meta name=\"twitter:data1\" content=\"1 minute\">\n<script type=\"application\/ld+json\" class=\"yoast-schema-graph\">{\"@context\":\"https:\/\/schema.org\",\"@graph\":[{\"@type\":\"WebSite\",\"@id\":\"https:\/\/www.kuzushi.fr\/#website\",\"url\":\"https:\/\/www.kuzushi.fr\/\",\"name\":\"Kuzushi\",\"description\":\"Du d\\u00e9s\\u00e9quilibre na\\u00eet le mouvement\",\"potentialAction\":[{\"@type\":\"SearchAction\",\"target\":\"https:\/\/www.kuzushi.fr\/?s={search_term_string}\",\"query-input\":\"required name=search_term_string\"}],\"inLanguage\":\"fr-FR\"},{\"@type\":\"ImageObject\",\"@id\":\"https:\/\/www.kuzushi.fr\/#primaryimage\",\"inLanguage\":\"fr-FR\",\"url\":\"https:\/\/www.kuzushi.fr\/wp-content\/uploads\/2020\/09\/Screenshot_2020-09-18-Doc1-pdf.png\",\"width\":948,\"height\":498},{\"@type\":\"WebPage\",\"@id\":\"https:\/\/www.kuzushi.fr\/#webpage\",\"url\":\"https:\/\/www.kuzushi.fr\/\",\"name\":\"Kuzushi - Kuzushi\",\"isPartOf\":{\"@id\":\"https:\/\/www.kuzushi.fr\/#website\"},\"primaryImageOfPage\":{\"@id\":\"https:\/\/www.kuzushi.fr\/#primaryimage\"},\"datePublished\":\"2020-08-28T20:57:31+00:00\",\"dateModified\":\"2025-12-02T21:45:29+00:00\",\"breadcrumb\":{\"@id\":\"https:\/\/www.kuzushi.fr\/#breadcrumb\"},\"inLanguage\":\"fr-FR\",\"potentialAction\":[{\"@type\":\"ReadAction\",\"target\":[\"https:\/\/www.kuzushi.fr\/\"]}]},{\"@type\":\"BreadcrumbList\",\"@id\":\"https:\/\/www.kuzushi.fr\/#breadcrumb\",\"itemListElement\":[{\"@type\":\"ListItem\",\"position\":1,\"item\":{\"@type\":\"WebPage\",\"@id\":\"https:\/\/www.kuzushi.fr\/\",\"url\":\"https:\/\/www.kuzushi.fr\/\",\"name\":\"Accueil\"}},{\"@type\":\"ListItem\",\"position\":2,\"item\":{\"@type\":\"WebPage\",\"@id\":\"https:\/\/www.kuzushi.fr\/\",\"url\":\"https:\/\/www.kuzushi.fr\/\",\"name\":\"Kuzushi\"}}]}]}<\/script>\n<!-- \/ Yoast SEO plugin. -->","_links":{"self":[{"href":"https:\/\/www.kuzushi.fr\/index.php\/wp-json\/wp\/v2\/pages\/30","targetHints":{"allow":["GET"]}}],"collection":[{"href":"https:\/\/www.kuzushi.fr\/index.php\/wp-json\/wp\/v2\/pages"}],"about":[{"href":"https:\/\/www.kuzushi.fr\/index.php\/wp-json\/wp\/v2\/types\/page"}],"author":[{"embeddable":true,"href":"https:\/\/www.kuzushi.fr\/index.php\/wp-json\/wp\/v2\/users\/1"}],"replies":[{"embeddable":true,"href":"https:\/\/www.kuzushi.fr\/index.php\/wp-json\/wp\/v2\/comments?post=30"}],"version-history":[{"count":10,"href":"https:\/\/www.kuzushi.fr\/index.php\/wp-json\/wp\/v2\/pages\/30\/revisions"}],"predecessor-version":[{"id":255,"href":"https:\/\/www.kuzushi.fr\/index.php\/wp-json\/wp\/v2\/pages\/30\/revisions\/255"}],"wp:attachment":[{"href":"https:\/\/www.kuzushi.fr\/index.php\/wp-json\/wp\/v2\/media?parent=30"}],"curies":[{"name":"wp","href":"https:\/\/api.w.org\/{rel}","templated":true}]}}